{"id":49375,"date":"2022-02-01T02:56:18","date_gmt":"2022-02-01T02:56:18","guid":{"rendered":"https:\/\/holidaylovers.com\/?page_id=49375"},"modified":"2022-02-18T11:18:01","modified_gmt":"2022-02-18T11:18:01","slug":"data-protection-policy","status":"publish","type":"page","link":"https:\/\/holidaylovers.com\/pt\/data-protection-policy\/","title":{"rendered":"Pol\u00edtica de Prote\u00e7\u00e3o de Dados"},"content":{"rendered":"<div data-elementor-type=\"wp-page\" data-elementor-id=\"49375\" class=\"elementor elementor-49375\" data-elementor-post-type=\"page\">\n\t\t\t\t\t\t<section class=\"elementor-section elementor-top-section elementor-element elementor-element-7de52c5 elementor-section-height-min-height elementor-section-items-bottom elementor-section-boxed elementor-section-height-default\" data-id=\"7de52c5\" data-element_type=\"section\" data-e-type=\"section\" data-settings=\"{&quot;background_background&quot;:&quot;classic&quot;}\">\n\t\t\t\t\t\t\t<div class=\"elementor-background-overlay\"><\/div>\n\t\t\t\t\t\t\t<div class=\"elementor-container elementor-column-gap-default\">\n\t\t\t\t\t<div class=\"elementor-column elementor-col-100 elementor-top-column elementor-element elementor-element-804f102\" data-id=\"804f102\" data-element_type=\"column\" data-e-type=\"column\">\n\t\t\t<div class=\"elementor-widget-wrap elementor-element-populated\">\n\t\t\t\t\t\t<div class=\"elementor-element elementor-element-e31b8c3 elementor-widget elementor-widget-heading\" data-id=\"e31b8c3\" data-element_type=\"widget\" data-e-type=\"widget\" data-widget_type=\"heading.default\">\n\t\t\t\t<div class=\"elementor-widget-container\">\n\t\t\t\t\t<h1 class=\"elementor-heading-title elementor-size-default\">Pol\u00edtica de Prote\u00e7\u00e3o de Dados<\/h1>\t\t\t\t<\/div>\n\t\t\t\t<\/div>\n\t\t\t\t\t<\/div>\n\t\t<\/div>\n\t\t\t\t\t<\/div>\n\t\t<\/section>\n\t\t\t\t<section class=\"elementor-section elementor-top-section elementor-element elementor-element-aedd778 elementor-section-stretched elementor-section-boxed elementor-section-height-default elementor-section-height-default elementor-invisible\" data-id=\"aedd778\" data-element_type=\"section\" data-e-type=\"section\" data-settings=\"{&quot;stretch_section&quot;:&quot;section-stretched&quot;,&quot;background_background&quot;:&quot;classic&quot;,&quot;animation&quot;:&quot;fadeIn&quot;}\">\n\t\t\t\t\t\t<div class=\"elementor-container elementor-column-gap-default\">\n\t\t\t\t\t<div class=\"elementor-column elementor-col-100 elementor-top-column elementor-element elementor-element-08fd50b\" data-id=\"08fd50b\" data-element_type=\"column\" data-e-type=\"column\" data-settings=\"{&quot;background_background&quot;:&quot;classic&quot;}\">\n\t\t\t<div class=\"elementor-widget-wrap elementor-element-populated\">\n\t\t\t\t\t\t\t<\/div>\n\t\t<\/div>\n\t\t\t\t\t<\/div>\n\t\t<\/section>\n\t\t\t\t<section class=\"elementor-section elementor-top-section elementor-element elementor-element-fccdc11 elementor-section-boxed elementor-section-height-default elementor-section-height-default\" data-id=\"fccdc11\" data-element_type=\"section\" data-e-type=\"section\">\n\t\t\t\t\t\t<div class=\"elementor-container elementor-column-gap-default\">\n\t\t\t\t\t<div class=\"elementor-column elementor-col-100 elementor-top-column elementor-element elementor-element-527392b\" data-id=\"527392b\" data-element_type=\"column\" data-e-type=\"column\">\n\t\t\t<div class=\"elementor-widget-wrap elementor-element-populated\">\n\t\t\t\t\t\t<div class=\"elementor-element elementor-element-b32a355 elementor-widget elementor-widget-heading\" data-id=\"b32a355\" data-element_type=\"widget\" data-e-type=\"widget\" data-widget_type=\"heading.default\">\n\t\t\t\t<div class=\"elementor-widget-container\">\n\t\t\t\t\t<h2 class=\"elementor-heading-title elementor-size-default\">POL\u00cdTICA DE PRIVACIDADE\n<\/h2>\t\t\t\t<\/div>\n\t\t\t\t<\/div>\n\t\t\t\t<div class=\"elementor-element elementor-element-f6f9f49 elementor-widget elementor-widget-text-editor\" data-id=\"f6f9f49\" data-element_type=\"widget\" data-e-type=\"widget\" data-widget_type=\"text-editor.default\">\n\t\t\t\t<div class=\"elementor-widget-container\">\n\t\t\t\t\t\t\t\t\t<p>Na Holiday Lovers somos respons\u00e1veis pelo tratamento dos dados pessoais que nos envia para podermos prestar-lhe os servi\u00e7os que nos solicita. No momento em que solicita um servi\u00e7o, este pedido transforma-se numa rela\u00e7\u00e3o contratual que \u00e9 a base legal que nos permite tratar os seus dados. Pode, a qualquer momento, solicitar que excluamos os seus dados, bem como exercer outros direitos, conforme explicado mais adiante nesta pol\u00edtica de privacidade.<\/p><p><strong>1. ENTIDADE RESPONS\u00c1VEL PELO TRATAMENTO: QUEM \u00c9 O RESPONS\u00c1VEL PELO TRATAMENTO DOS SEUS DADOS?<\/strong><\/p><p>A Holiday Lovers \u00e9 a entidade respons\u00e1vel pelo tratamento dos dados pessoais que envia atrav\u00e9s desta p\u00e1gina web e dos seus subdom\u00ednios (\u201cwebsite\u201d).<\/p><p><strong>2. FINALIDADES DO PROCESSAMENTO: O QUE PODEMOS FAZER COM OS SEUS DADOS?<\/strong><\/p><p>Gerenciamos os seus dados pessoais para fornecer o servi\u00e7o que nos solicitou atrav\u00e9s do site e e-mails.<br \/>Se voc\u00ea nos enviar uma consulta ou reclama\u00e7\u00e3o\/reclama\u00e7\u00e3o, processaremos seus dados para gerenci\u00e1-los.<\/p><p><strong>3. BASES JUR\u00cdDICAS \/ LEGITIMIZA\u00c7\u00c3O: POR QUE PODEMOS PROCESSAR OS SEUS DADOS?<\/strong><\/p><p>As bases legais que nos permitem processar seus dados para cada uma das finalidades indicadas na sec\u00e7\u00e3o 2 acima s\u00e3o:<br \/>Rela\u00e7\u00e3o contratual: \u00c9 o que se aplica quando solicita um servi\u00e7o nosso, mesmo que isso seja gratuito.<br \/>Interesse leg\u00edtimo: Para atender \u00e0s consultas e reclama\u00e7\u00f5es\/reclama\u00e7\u00f5es que nos apresenta e para gerir a cobran\u00e7a de d\u00edvidas.<\/p><p><strong>4. DESTINAT\u00c1RIOS: A QUEM PODEMOS ENVIAR OS SEUS DADOS?<\/strong><\/p><p>Podemos enviar seus dados a terceiros nos seguintes casos:<\/p><p>Para quaisquer parceiros para gerenciar sua solicita\u00e7\u00e3o (como passeios ou empresas de transporte).<br \/>Aos Tribunais ou Tribunais ou Administra\u00e7\u00f5es P\u00fablicas para cumprimento de qualquer exig\u00eancia legal.<\/p><p>Os respons\u00e1veis pelo processamento da Holiday Lovers tamb\u00e9m ter\u00e3o acesso<br \/>aos seus dados, ou seja, prestadores de servi\u00e7os que, para desempenharem as suas fun\u00e7\u00f5es, requerem o acesso aos seus dados, incluindo aqueles que nos fornecem servi\u00e7os tecnol\u00f3gicos, envio e rece\u00e7\u00e3o de documenta\u00e7\u00e3o, servi\u00e7os de call center, motor de reservas online ou servi\u00e7os de armazenamento.<\/p><p>Pode solicitar mais informa\u00e7\u00f5es sobre os destinat\u00e1rios dos seus dados contactando-nos atrav\u00e9s dos nossos formul\u00e1rios de contacto.<\/p><p><strong>5. TRANSFER\u00caNCIA DE DADOS: PARA ONDE PODEMOS ENVIAR OS SEUS DADOS?<\/strong><\/p><p>Nenhum dado pessoal ser\u00e1 transferido para o exterior.<\/p><p><strong>6. PER\u00cdODO DE CONSERVA\u00c7\u00c3O DE DADOS: POR QUANTO TEMPO GUARDAREMOS OS SEUS DADOS PARA PROCESSAMENTO?<\/strong><\/p><p>O per\u00edodo depender\u00e1 de cada um dos processos a que submetemos os seus dados:<\/p><p>Durante a rela\u00e7\u00e3o contratual; ou seja, enquanto continuar a usar nossos servi\u00e7os ou enquanto n\u00f3s ou o provedor estiver a gerir o que nos solicitou (sec\u00e7\u00e3o 2) acima \u00e9 aplicado. At\u00e9 que a consulta ou reclama\u00e7\u00e3o\/reclama\u00e7\u00e3o enviada seja resolvida (sec\u00e7\u00e3o 2 acima).<\/p><p>At\u00e9 que solicite sua exclus\u00e3o (aplic\u00e1vel a todas as finalidades descritas na sec\u00e7\u00e3o 2).<\/p><p>Tamb\u00e9m \u00e9 informado de que seus dados permanecer\u00e3o bloqueados durante os prazos de prescri\u00e7\u00e3o obrigat\u00f3rios para cada finalidade de processamento indicada na sec\u00e7\u00e3o 2.<\/p><p><strong>7. INFORMA\u00c7\u00d5ES NECESS\u00c1RIAS E ATUALIZADAS<\/strong><\/p><p>Os formul\u00e1rios cont\u00eam campos de preenchimento obrigat\u00f3rio, sem os quais n\u00e3o podemos prestar-lhe os nossos servi\u00e7os. Ao clicar no bot\u00e3o \u201cEnviar\u201d (ou equivalente) inclu\u00eddo nos formul\u00e1rios acima mencionados, declara que as informa\u00e7\u00f5es e os dados enviados s\u00e3o exatos e verdadeiros.<br \/>Para que a informa\u00e7\u00e3o disponibilizada esteja sempre atualizada e sem erros, lembre-se de nos comunicar com a maior brevidade poss\u00edvel quaisquer modifica\u00e7\u00f5es e retifica\u00e7\u00f5es dos seus dados pessoais que possam ocorrer, atrav\u00e9s do formul\u00e1rio de contacto ou e-mails disponibilizados.<\/p><p><strong>8. DIREITOS DAS PARTES INTERESSADAS<\/strong><\/p><p>Informa-se que pode exercer os seguintes direitos:<\/p><p>O direito de aceder aos seus dados pessoais para saber quais dados est\u00e3o sendo processados e o processamento que est\u00e1 sendo realizado neles.<\/p><p>O direito de retificar qualquer dado pessoal impreciso.<\/p><p>O direito de excluir seus dados pessoais, quando isso for poss\u00edvel (por exemplo, exceto por lei).<\/p><p>O direito de solicitar a limita\u00e7\u00e3o do tratamento dos seus dados pessoais quando a exatid\u00e3o, legalidade ou necessidade de tratamento dos dados for duvidosa, caso em que poderemos conserv\u00e1-los para exerc\u00edcio ou defesa de reclama\u00e7\u00f5es.<\/p><p>O direito de oposi\u00e7\u00e3o ao tratamento dos seus dados pessoais, quando a base legal que nos permite o tratamento dos indicados seja o interesse leg\u00edtimo. A Holiday Lovers deixar\u00e1 de processar seus dados, a menos que tenha um interesse leg\u00edtimo ou seja necess\u00e1rio para defesa de reclama\u00e7\u00f5es.<\/p><p>O direito \u00e0 portabilidade dos seus dados, quando a base legal que nos permite process\u00e1-los \u00e9 a exist\u00eancia de uma rela\u00e7\u00e3o contratual ou o seu consentimento.<\/p><p>O direito de revogar o seu consentimento dado a Holiday Lovers.<\/p><p>Pode exercer seus direitos a qualquer momento e gratuitamente, enviando-nos um e-mail, indicando o direito que deseja exercer e os seus dados de identifica\u00e7\u00e3o.<br \/>Em alternativa, \u00e9 informado que tem o direito de apresentar uma reclama\u00e7\u00e3o junto da Comiss\u00e3o Nacional de Prote\u00e7\u00e3o de Dados em Portugal se considerar que a legisla\u00e7\u00e3o de prote\u00e7\u00e3o de dados foi infringida no tratamento dos seus dados pessoais.<\/p><p><strong>9. CONFIDENCIALIDADE E SEGURAN\u00c7A<\/strong><\/p><p>Na Holiday Lovers, empregamos todos os esfor\u00e7os razo\u00e1veis para manter a confidencialidade das informa\u00e7\u00f5es pessoais processadas atrav\u00e9s do site. Mantemos rigorosos n\u00edveis de seguran\u00e7a para proteger os dados pessoais que processamos contra perda acidental e contra acesso, processamento ou divulga\u00e7\u00e3o n\u00e3o autorizados, tendo em conta o estado da tecnologia, a natureza e os riscos a que os dados est\u00e3o expostos.<\/p>\t\t\t\t\t\t\t\t<\/div>\n\t\t\t\t<\/div>\n\t\t\t\t\t<\/div>\n\t\t<\/div>\n\t\t\t\t\t<\/div>\n\t\t<\/section>\n\t\t\t\t<\/div>","protected":false},"excerpt":{"rendered":"<p>PRIVACY POLICY At Holiday Lovers we are responsible for processing the personal data you submit to us in order to be able to provide you with the services you request from us. At the moment you request a service, this request turns into a contractual relationship which is the legal basis enabling us to process [&hellip;]<\/p>\n","protected":false},"author":24,"featured_media":0,"parent":0,"menu_order":0,"comment_status":"closed","ping_status":"closed","template":"elementor_header_footer","meta":{"_acf_changed":false,"footnotes":""},"class_list":["post-49375","page","type-page","status-publish","hentry"],"acf":[],"yoast_head":"<!-- This site is optimized with the Yoast SEO plugin v27.2 - https:\/\/yoast.com\/product\/yoast-seo-wordpress\/ -->\n<title>Data Protection Policy - Holiday Lovers<\/title>\n<meta name=\"description\" content=\"At Holiday Lovers we keep our guests information is confidential, here you can find our data protection policy.\" \/>\n<meta name=\"robots\" content=\"index, follow, max-snippet:-1, max-image-preview:large, max-video-preview:-1\" \/>\n<link rel=\"canonical\" href=\"https:\/\/holidaylovers.com\/pt\/data-protection-policy\/\" \/>\n<meta property=\"og:locale\" content=\"pt_PT\" \/>\n<meta property=\"og:type\" content=\"article\" \/>\n<meta property=\"og:title\" content=\"Data Protection Policy - Holiday Lovers\" \/>\n<meta property=\"og:description\" content=\"At Holiday Lovers we keep our guests information is confidential, here you can find our data protection policy.\" \/>\n<meta property=\"og:url\" content=\"https:\/\/holidaylovers.com\/pt\/data-protection-policy\/\" \/>\n<meta property=\"og:site_name\" content=\"Holiday Lovers\" \/>\n<meta property=\"article:publisher\" content=\"https:\/\/www.facebook.com\/soltroiavillas\" \/>\n<meta property=\"article:modified_time\" content=\"2022-02-18T11:18:01+00:00\" \/>\n<meta name=\"twitter:card\" content=\"summary_large_image\" \/>\n<meta name=\"twitter:label1\" content=\"Tempo estimado de leitura\" \/>\n\t<meta name=\"twitter:data1\" content=\"4 minutos\" \/>\n<script type=\"application\/ld+json\" class=\"yoast-schema-graph\">{\"@context\":\"https:\/\/schema.org\",\"@graph\":[{\"@type\":\"WebPage\",\"@id\":\"https:\/\/holidaylovers.com\/data-protection-policy\/\",\"url\":\"https:\/\/holidaylovers.com\/data-protection-policy\/\",\"name\":\"Data Protection Policy - Holiday Lovers\",\"isPartOf\":{\"@id\":\"https:\/\/holidaylovers.com\/#website\"},\"datePublished\":\"2022-02-01T02:56:18+00:00\",\"dateModified\":\"2022-02-18T11:18:01+00:00\",\"description\":\"At Holiday Lovers we keep our guests information is confidential, here you can find our data protection policy.\",\"breadcrumb\":{\"@id\":\"https:\/\/holidaylovers.com\/data-protection-policy\/#breadcrumb\"},\"inLanguage\":\"pt-PT\",\"potentialAction\":[{\"@type\":\"ReadAction\",\"target\":[\"https:\/\/holidaylovers.com\/data-protection-policy\/\"]}]},{\"@type\":\"BreadcrumbList\",\"@id\":\"https:\/\/holidaylovers.com\/data-protection-policy\/#breadcrumb\",\"itemListElement\":[{\"@type\":\"ListItem\",\"position\":1,\"name\":\"Home\",\"item\":\"https:\/\/holidaylovers.com\/\"},{\"@type\":\"ListItem\",\"position\":2,\"name\":\"Data Protection Policy\"}]},{\"@type\":\"WebSite\",\"@id\":\"https:\/\/holidaylovers.com\/#website\",\"url\":\"https:\/\/holidaylovers.com\/\",\"name\":\"Holiday Lovers\",\"description\":\"Holidays in Troia &amp; Comporta\",\"publisher\":{\"@id\":\"https:\/\/holidaylovers.com\/#organization\"},\"potentialAction\":[{\"@type\":\"SearchAction\",\"target\":{\"@type\":\"EntryPoint\",\"urlTemplate\":\"https:\/\/holidaylovers.com\/?s={search_term_string}\"},\"query-input\":{\"@type\":\"PropertyValueSpecification\",\"valueRequired\":true,\"valueName\":\"search_term_string\"}}],\"inLanguage\":\"pt-PT\"},{\"@type\":\"Organization\",\"@id\":\"https:\/\/holidaylovers.com\/#organization\",\"name\":\"Holiday Lovers\",\"url\":\"https:\/\/holidaylovers.com\/\",\"logo\":{\"@type\":\"ImageObject\",\"inLanguage\":\"pt-PT\",\"@id\":\"https:\/\/holidaylovers.com\/#\/schema\/logo\/image\/\",\"url\":\"https:\/\/holidaylovers.com\/wp-content\/uploads\/2022\/02\/Novo-logo-HL.png\",\"contentUrl\":\"https:\/\/holidaylovers.com\/wp-content\/uploads\/2022\/02\/Novo-logo-HL.png\",\"width\":1890,\"height\":1417,\"caption\":\"Holiday Lovers\"},\"image\":{\"@id\":\"https:\/\/holidaylovers.com\/#\/schema\/logo\/image\/\"},\"sameAs\":[\"https:\/\/www.facebook.com\/soltroiavillas\",\"https:\/\/www.instagram.com\/holiday.lovers\/\"]}]}<\/script>\n<!-- \/ Yoast SEO plugin. -->","yoast_head_json":{"title":"Pol\u00edtica de Prote\u00e7\u00e3o de Dados - Amantes de F\u00e9rias","description":"Na Holiday Lovers, mantemos as informa\u00e7\u00f5es de nossos h\u00f3spedes em sigilo. Aqui voc\u00ea encontra nossa pol\u00edtica de prote\u00e7\u00e3o de dados.","robots":{"index":"index","follow":"follow","max-snippet":"max-snippet:-1","max-image-preview":"max-image-preview:large","max-video-preview":"max-video-preview:-1"},"canonical":"https:\/\/holidaylovers.com\/pt\/data-protection-policy\/","og_locale":"pt_PT","og_type":"article","og_title":"Data Protection Policy - Holiday Lovers","og_description":"At Holiday Lovers we keep our guests information is confidential, here you can find our data protection policy.","og_url":"https:\/\/holidaylovers.com\/pt\/data-protection-policy\/","og_site_name":"Holiday Lovers","article_publisher":"https:\/\/www.facebook.com\/soltroiavillas","article_modified_time":"2022-02-18T11:18:01+00:00","twitter_card":"summary_large_image","twitter_misc":{"Tempo estimado de leitura":"4 minutos"},"schema":{"@context":"https:\/\/schema.org","@graph":[{"@type":"WebPage","@id":"https:\/\/holidaylovers.com\/data-protection-policy\/","url":"https:\/\/holidaylovers.com\/data-protection-policy\/","name":"Pol\u00edtica de Prote\u00e7\u00e3o de Dados - Amantes de F\u00e9rias","isPartOf":{"@id":"https:\/\/holidaylovers.com\/#website"},"datePublished":"2022-02-01T02:56:18+00:00","dateModified":"2022-02-18T11:18:01+00:00","description":"Na Holiday Lovers, mantemos as informa\u00e7\u00f5es de nossos h\u00f3spedes em sigilo. Aqui voc\u00ea encontra nossa pol\u00edtica de prote\u00e7\u00e3o de dados.","breadcrumb":{"@id":"https:\/\/holidaylovers.com\/data-protection-policy\/#breadcrumb"},"inLanguage":"pt-PT","potentialAction":[{"@type":"ReadAction","target":["https:\/\/holidaylovers.com\/data-protection-policy\/"]}]},{"@type":"BreadcrumbList","@id":"https:\/\/holidaylovers.com\/data-protection-policy\/#breadcrumb","itemListElement":[{"@type":"ListItem","position":1,"name":"Home","item":"https:\/\/holidaylovers.com\/"},{"@type":"ListItem","position":2,"name":"Data Protection Policy"}]},{"@type":"WebSite","@id":"https:\/\/holidaylovers.com\/#website","url":"https:\/\/holidaylovers.com\/","name":"Holiday Lovers","description":"F\u00e9rias em Troia e Comporta","publisher":{"@id":"https:\/\/holidaylovers.com\/#organization"},"potentialAction":[{"@type":"SearchAction","target":{"@type":"EntryPoint","urlTemplate":"https:\/\/holidaylovers.com\/?s={search_term_string}"},"query-input":{"@type":"PropertyValueSpecification","valueRequired":true,"valueName":"search_term_string"}}],"inLanguage":"pt-PT"},{"@type":"Organization","@id":"https:\/\/holidaylovers.com\/#organization","name":"Holiday Lovers","url":"https:\/\/holidaylovers.com\/","logo":{"@type":"ImageObject","inLanguage":"pt-PT","@id":"https:\/\/holidaylovers.com\/#\/schema\/logo\/image\/","url":"https:\/\/holidaylovers.com\/wp-content\/uploads\/2022\/02\/Novo-logo-HL.png","contentUrl":"https:\/\/holidaylovers.com\/wp-content\/uploads\/2022\/02\/Novo-logo-HL.png","width":1890,"height":1417,"caption":"Holiday Lovers"},"image":{"@id":"https:\/\/holidaylovers.com\/#\/schema\/logo\/image\/"},"sameAs":["https:\/\/www.facebook.com\/soltroiavillas","https:\/\/www.instagram.com\/holiday.lovers\/"]}]}},"_links":{"self":[{"href":"https:\/\/holidaylovers.com\/pt\/wp-json\/wp\/v2\/pages\/49375","targetHints":{"allow":["GET"]}}],"collection":[{"href":"https:\/\/holidaylovers.com\/pt\/wp-json\/wp\/v2\/pages"}],"about":[{"href":"https:\/\/holidaylovers.com\/pt\/wp-json\/wp\/v2\/types\/page"}],"author":[{"embeddable":true,"href":"https:\/\/holidaylovers.com\/pt\/wp-json\/wp\/v2\/users\/24"}],"replies":[{"embeddable":true,"href":"https:\/\/holidaylovers.com\/pt\/wp-json\/wp\/v2\/comments?post=49375"}],"version-history":[{"count":20,"href":"https:\/\/holidaylovers.com\/pt\/wp-json\/wp\/v2\/pages\/49375\/revisions"}],"predecessor-version":[{"id":66959,"href":"https:\/\/holidaylovers.com\/pt\/wp-json\/wp\/v2\/pages\/49375\/revisions\/66959"}],"wp:attachment":[{"href":"https:\/\/holidaylovers.com\/pt\/wp-json\/wp\/v2\/media?parent=49375"}],"curies":[{"name":"wp","href":"https:\/\/api.w.org\/{rel}","templated":true}]}}